{"id":6,"date":"2026-03-02T20:25:36","date_gmt":"2026-03-02T20:25:36","guid":{"rendered":"https:\/\/eternia3d.com\/?page_id=6"},"modified":"2026-03-02T23:25:41","modified_gmt":"2026-03-02T23:25:41","slug":"eternia3d","status":"publish","type":"page","link":"https:\/\/eternia3d.com\/","title":{"rendered":""},"content":{"rendered":"\n<figure class=\"wp-block-image size-full is-resized\"><img loading=\"lazy\" decoding=\"async\" width=\"730\" height=\"626\" src=\"https:\/\/eternia3d.com\/wp-content\/uploads\/2026\/03\/3c5fa2d9-b368-4805-a02b-7555b05a28c8-1.png\" alt=\"\" class=\"wp-image-20\" style=\"aspect-ratio:1.1661675800892706;width:155px;height:auto\" srcset=\"https:\/\/eternia3d.com\/wp-content\/uploads\/2026\/03\/3c5fa2d9-b368-4805-a02b-7555b05a28c8-1.png 730w, https:\/\/eternia3d.com\/wp-content\/uploads\/2026\/03\/3c5fa2d9-b368-4805-a02b-7555b05a28c8-1-300x257.png 300w\" sizes=\"auto, (max-width: 730px) 100vw, 730px\" \/><\/figure>\n\n\n\n<div class=\"wp-block-group alignfull has-global-padding is-layout-constrained wp-container-core-group-is-layout-0c9c989a wp-block-group-is-layout-constrained\" style=\"min-height:0vh;margin-top:0;margin-bottom:0;padding-top:var(--wp--preset--spacing--70);padding-right:var(--wp--preset--spacing--40);padding-bottom:var(--wp--preset--spacing--70);padding-left:var(--wp--preset--spacing--40)\">\n<div class=\"wp-block-group has-global-padding is-layout-constrained wp-container-core-group-is-layout-346627ba wp-block-group-is-layout-constrained\">\n<h2 class=\"wp-block-heading has-text-align-center has-xx-large-font-size\" style=\"margin-right:0;margin-left:0;padding-right:0;padding-left:0\">Estamos mejorando nuestro sitio web<\/h2>\n\n\n\n<p class=\"has-text-align-center\">\u00bfQuieres presupuesto personalizado para tu producto?<\/p>\n\n\n\n<p class=\"has-text-align-center\">647132014 &#8211; info@eternia3d.com<\/p>\n<\/div>\n<\/div>\n\n\n\n<div class=\"wp-block-group alignfull is-style-section-1 has-global-padding is-layout-constrained wp-block-group-is-layout-constrained is-style-section-1--1\" style=\"margin-top:0;margin-bottom:0;padding-top:var(--wp--preset--spacing--80);padding-bottom:var(--wp--preset--spacing--80)\">\n<div class=\"wp-block-columns alignwide is-layout-flex wp-container-core-columns-is-layout-66fad18a wp-block-columns-is-layout-flex\">\n<div class=\"wp-block-column is-layout-flow wp-block-column-is-layout-flow\" style=\"padding-right:var(--wp--preset--spacing--50);flex-basis:45%\">\n<figure class=\"wp-block-gallery has-nested-images columns-default is-cropped wp-block-gallery-2 is-layout-flex wp-block-gallery-is-layout-flex\">\n<figure class=\"wp-block-image size-large\"><img loading=\"lazy\" decoding=\"async\" width=\"567\" height=\"850\" data-id=\"8\" src=\"https:\/\/eternia3d.com\/wp-content\/uploads\/2026\/03\/novios.png\" alt=\"\" class=\"wp-image-8\" srcset=\"https:\/\/eternia3d.com\/wp-content\/uploads\/2026\/03\/novios.png 567w, https:\/\/eternia3d.com\/wp-content\/uploads\/2026\/03\/novios-200x300.png 200w\" sizes=\"auto, (max-width: 567px) 100vw, 567px\" \/><\/figure>\n\n\n\n<figure class=\"wp-block-image size-large\"><img loading=\"lazy\" decoding=\"async\" width=\"1024\" height=\"726\" data-id=\"11\" src=\"https:\/\/eternia3d.com\/wp-content\/uploads\/2026\/03\/bebe.png\" alt=\"\" class=\"wp-image-11\" srcset=\"https:\/\/eternia3d.com\/wp-content\/uploads\/2026\/03\/bebe.png 1024w, https:\/\/eternia3d.com\/wp-content\/uploads\/2026\/03\/bebe-300x213.png 300w, https:\/\/eternia3d.com\/wp-content\/uploads\/2026\/03\/bebe-768x545.png 768w\" sizes=\"auto, (max-width: 1024px) 100vw, 1024px\" \/><\/figure>\n<\/figure>\n\n\n\n<div class=\"wp-block-group has-global-padding is-layout-constrained wp-block-group-is-layout-constrained\" style=\"margin-top:-12vw\"><\/div>\n<\/div>\n\n\n\n<div class=\"wp-block-column is-vertically-aligned-center is-layout-flow wp-block-column-is-layout-flow\" style=\"padding-right:0;padding-left:0;flex-basis:50%\">\n<div class=\"wp-block-group is-vertical is-layout-flex wp-container-core-group-is-layout-fe9cc265 wp-block-group-is-layout-flex\">\n<h2 class=\"wp-block-heading is-style-text-annotation is-style-text-annotation--3\">Dise\u00f1amos y creamos para ti<\/h2>\n<\/div>\n\n\n\n<p class=\"is-style-text-subtitle has-medium-font-size is-style-text-subtitle--4\">En <strong>eternia3d<\/strong> transformamos ideas en realidad tangible. Damos forma a conceptos, proyectos y visiones mediante dise\u00f1o tridimensional de alta precisi\u00f3n, combinando creatividad, tecnolog\u00eda y atenci\u00f3n al detalle en cada creaci\u00f3n.<\/p>\n\n\n\n<p class=\"has-medium-font-size\">Creemos que cada proyecto merece una soluci\u00f3n \u00fanica. Por eso trabajamos contigo desde el primer momento, entendiendo tu objetivo y materializ\u00e1ndolo con equilibrio entre est\u00e9tica, funcionalidad y calidad t\u00e9cnica.<\/p>\n\n\n\n<p class=\"has-medium-font-size\">Nuestro enfoque une innovaci\u00f3n y permanencia. Dise\u00f1amos piezas pensadas para durar, impactar y transmitir valor, cuidando cada forma, cada curva y cada proporci\u00f3n como parte de un resultado final impecable.<\/p>\n\n\n\n<p class=\"is-style-text-subtitle has-medium-font-size is-style-text-subtitle--5\">Si tienes una idea, estamos listos para escucharla. Este es el punto de partida para crear algo extraordinario juntos. Cont\u00e1ctanos y comencemos a dar forma a lo que imaginas.<\/p>\n<\/div>\n<\/div>\n\n\n\n<p><\/p>\n<\/div>\n","protected":false},"excerpt":{"rendered":"<p>Estamos mejorando nuestro sitio web \u00bfQuieres presupuesto personalizado para tu producto? 647132014 &#8211; info@eternia3d.com Dise\u00f1amos y creamos para ti En eternia3d transformamos ideas en realidad tangible. Damos forma a conceptos, proyectos y visiones mediante dise\u00f1o tridimensional de alta precisi\u00f3n, combinando creatividad, tecnolog\u00eda y atenci\u00f3n al detalle en cada creaci\u00f3n. Creemos que cada proyecto merece una [&hellip;]<\/p>\n","protected":false},"author":1,"featured_media":0,"parent":0,"menu_order":0,"comment_status":"closed","ping_status":"closed","template":"","meta":{"footnotes":""},"class_list":["post-6","page","type-page","status-publish","hentry"],"_links":{"self":[{"href":"https:\/\/eternia3d.com\/index.php?rest_route=\/wp\/v2\/pages\/6","targetHints":{"allow":["GET"]}}],"collection":[{"href":"https:\/\/eternia3d.com\/index.php?rest_route=\/wp\/v2\/pages"}],"about":[{"href":"https:\/\/eternia3d.com\/index.php?rest_route=\/wp\/v2\/types\/page"}],"author":[{"embeddable":true,"href":"https:\/\/eternia3d.com\/index.php?rest_route=\/wp\/v2\/users\/1"}],"replies":[{"embeddable":true,"href":"https:\/\/eternia3d.com\/index.php?rest_route=%2Fwp%2Fv2%2Fcomments&post=6"}],"version-history":[{"count":6,"href":"https:\/\/eternia3d.com\/index.php?rest_route=\/wp\/v2\/pages\/6\/revisions"}],"predecessor-version":[{"id":24,"href":"https:\/\/eternia3d.com\/index.php?rest_route=\/wp\/v2\/pages\/6\/revisions\/24"}],"wp:attachment":[{"href":"https:\/\/eternia3d.com\/index.php?rest_route=%2Fwp%2Fv2%2Fmedia&parent=6"}],"curies":[{"name":"wp","href":"https:\/\/api.w.org\/{rel}","templated":true}]}}